{"id":17,"date":"2026-01-20T16:25:55","date_gmt":"2026-01-20T15:25:55","guid":{"rendered":"https:\/\/lmapremier.com\/?page_id=17"},"modified":"2026-02-09T06:03:33","modified_gmt":"2026-02-09T05:03:33","slug":"politica-de-cookies","status":"publish","type":"page","link":"https:\/\/lmapremier.com\/ca\/politica-de-cookies\/","title":{"rendered":"Pol\u00edtica de cookies"},"content":{"rendered":"<h1 data-start=\"4095\" data-end=\"4119\">Pol\u00edtica de Cookies<\/h1>\n<h2 data-start=\"4121\" data-end=\"4148\">1. Qu\u00e8 s\u00f3n les cookies?<\/h2>\n<p data-start=\"4149\" data-end=\"4321\">Les cookies s\u00f3n petits fitxers que es descarreguen al dispositiu de l\u2019usuari en accedir a determinades p\u00e0gines web i permeten emmagatzemar informaci\u00f3 sobre la navegaci\u00f3.<\/p>\n<h2 data-start=\"4323\" data-end=\"4356\">2. Tipus de cookies utilitzades<\/h2>\n<h3 data-start=\"4358\" data-end=\"4378\">Cookies t\u00e8cniques<\/h3>\n<p data-start=\"4379\" data-end=\"4457\">Necess\u00e0ries per al funcionament del lloc web i no requereixen consentiment.<\/p>\n<h3 data-start=\"4459\" data-end=\"4482\">Cookies d\u2019an\u00e0lisi<\/h3>\n<p data-start=\"4483\" data-end=\"4593\">Permeten analitzar el comportament dels usuaris per millorar el lloc web (per exemple, Google Analytics).<\/p>\n<h3 data-start=\"4595\" data-end=\"4625\">Cookies de personalitzaci\u00f3<\/h3>\n<p data-start=\"4626\" data-end=\"4669\">Permeten recordar les prefer\u00e8ncies de l\u2019usuari.<\/p>\n<h3 data-start=\"4671\" data-end=\"4694\">Cookies de tercers<\/h3>\n<p data-start=\"4695\" data-end=\"4738\">Cookies gestionades per serveis externs.<\/p>\n<h2 data-start=\"4740\" data-end=\"4764\">3. Gesti\u00f3 de cookies<\/h2>\n<p data-start=\"4765\" data-end=\"4782\">L\u2019usuari pot:<\/p>\n<ul data-start=\"4783\" data-end=\"4881\">\n<li data-start=\"4783\" data-end=\"4836\">\n<p data-start=\"4785\" data-end=\"4836\">Acceptar o rebutjar les cookies mitjan\u00e7ant el b\u00e0ner<\/p>\n<\/li>\n<li data-start=\"4837\" data-end=\"4881\">\n<p data-start=\"4839\" data-end=\"4881\">Configurar el seu navegador per bloquejar-les<\/p>\n<\/li>\n<\/ul>\n<p data-start=\"4883\" data-end=\"4941\">Enlla\u00e7os a la configuraci\u00f3 dels navegadors m\u00e9s comuns:<\/p>\n<ul data-start=\"4942\" data-end=\"4984\">\n<li data-start=\"4942\" data-end=\"4952\">\n<p data-start=\"4944\" data-end=\"4952\">Chrome<\/p>\n<\/li>\n<li data-start=\"4953\" data-end=\"4964\">\n<p data-start=\"4955\" data-end=\"4964\">Firefox<\/p>\n<\/li>\n<li data-start=\"4965\" data-end=\"4975\">\n<p data-start=\"4967\" data-end=\"4975\">Safari<\/p>\n<\/li>\n<li data-start=\"4976\" data-end=\"4984\">\n<p data-start=\"4978\" data-end=\"4984\">Edge<\/p>\n<\/li>\n<\/ul>\n<h2 data-start=\"4986\" data-end=\"5014\">4. Eliminaci\u00f3 de cookies<\/h2>\n<p data-start=\"5015\" data-end=\"5120\">L\u2019usuari pot eliminar les cookies emmagatzemades al seu dispositiu des de la configuraci\u00f3 del navegador.<\/p>\n<h2 data-start=\"5122\" data-end=\"5158\">5. Actualitzacions de la pol\u00edtica<\/h2>\n<p data-start=\"5159\" data-end=\"5249\">Aquesta pol\u00edtica de cookies pot modificar-se per adaptar-se a canvis normatius o t\u00e8cnics.<\/p>","protected":false},"excerpt":{"rendered":"<p>Pol\u00edtica de Cookies 1. \u00bfQu\u00e9 son las cookies? Las cookies son peque\u00f1os archivos que se descargan en el dispositivo del usuario al acceder a determinadas p\u00e1ginas web y permiten almacenar informaci\u00f3n sobre la navegaci\u00f3n. 2. Tipos de cookies utilizadas Cookies t\u00e9cnicas Necesarias para el funcionamiento del sitio web y no requieren consentimiento. Cookies de an\u00e1lisis [&hellip;]<\/p>\n","protected":false},"author":1,"featured_media":0,"parent":0,"menu_order":0,"comment_status":"closed","ping_status":"closed","template":"","meta":{"inline_featured_image":false,"footnotes":""},"class_list":["post-17","page","type-page","status-publish","hentry"],"_links":{"self":[{"href":"https:\/\/lmapremier.com\/ca\/wp-json\/wp\/v2\/pages\/17","targetHints":{"allow":["GET"]}}],"collection":[{"href":"https:\/\/lmapremier.com\/ca\/wp-json\/wp\/v2\/pages"}],"about":[{"href":"https:\/\/lmapremier.com\/ca\/wp-json\/wp\/v2\/types\/page"}],"author":[{"embeddable":true,"href":"https:\/\/lmapremier.com\/ca\/wp-json\/wp\/v2\/users\/1"}],"replies":[{"embeddable":true,"href":"https:\/\/lmapremier.com\/ca\/wp-json\/wp\/v2\/comments?post=17"}],"version-history":[{"count":0,"href":"https:\/\/lmapremier.com\/ca\/wp-json\/wp\/v2\/pages\/17\/revisions"}],"wp:attachment":[{"href":"https:\/\/lmapremier.com\/ca\/wp-json\/wp\/v2\/media?parent=17"}],"curies":[{"name":"wp","href":"https:\/\/api.w.org\/{rel}","templated":true}]}}