{"id":15,"date":"2026-01-20T16:25:28","date_gmt":"2026-01-20T15:25:28","guid":{"rendered":"https:\/\/lmapremier.com\/?page_id=15"},"modified":"2026-02-17T17:50:01","modified_gmt":"2026-02-17T16:50:01","slug":"terminos-y-condiciones","status":"publish","type":"page","link":"https:\/\/lmapremier.com\/ca\/terminos-y-condiciones\/","title":{"rendered":"Termes i condicions"},"content":{"rendered":"<div class=\"row\"><div class=\"col-sm-12\"><div class=\"vc_column-inner\"><div class=\"wpb_wrapper\">\n\t<div class=\"wpb_text_column wpb_content_element\" >\n\t\t<div class=\"wpb_wrapper\">\n\t\t\t<h1 data-start=\"2550\" data-end=\"2591\">Termes i Condicions \/ Av\u00eds Legal<\/h1>\n<h2 data-start=\"2593\" data-end=\"2618\">1. Informaci\u00f3 general<\/h2>\n<p data-start=\"2619\" data-end=\"2710\">En compliment de la Llei 34\/2002 (LSSI-CE), s\u2019informa que aquest lloc web \u00e9s propietat de:<\/p>\n<ul data-start=\"2711\" data-end=\"2823\">\n<li data-start=\"2711\" data-end=\"2746\">\n<p data-start=\"2713\" data-end=\"2746\"><strong data-start=\"2713\" data-end=\"2725\">Titular:<\/strong> LMA Premier Gesti\u00f3n SLU<\/p>\n<\/li>\n<li data-start=\"2747\" data-end=\"2770\">\n<p data-start=\"2749\" data-end=\"2770\"><strong data-start=\"2749\" data-end=\"2761\">NIF\/CIF:<\/strong> B67573857<\/p>\n<\/li>\n<li data-start=\"2771\" data-end=\"2801\">\n<p data-start=\"2773\" data-end=\"2801\"><strong data-start=\"2773\" data-end=\"2787\">Domicili:<\/strong> Carrer S\u00f2crates, 84 local bis, 08030, Barcelona<\/p>\n<\/li>\n<li data-start=\"2802\" data-end=\"2823\">\n<p data-start=\"2804\" data-end=\"2823\"><strong data-start=\"2804\" data-end=\"2814\">Correu electr\u00f2nic:<\/strong> info@lmapremier.com<\/p>\n<\/li>\n<\/ul>\n<h2 data-start=\"2825\" data-end=\"2837\">2. Objecte<\/h2>\n<p data-start=\"2838\" data-end=\"2955\">El present lloc web t\u00e9 com a finalitat oferir informaci\u00f3 sobre els serveis\/productes de LMA Premier Gesti\u00f3n SLU.<\/p>\n<h2 data-start=\"2957\" data-end=\"2980\">3. \u00das del lloc web<\/h2>\n<p data-start=\"2981\" data-end=\"3008\">L\u2019usuari es compromet a:<\/p>\n<ul data-start=\"3009\" data-end=\"3179\">\n<li data-start=\"3009\" data-end=\"3053\">\n<p data-start=\"3011\" data-end=\"3053\">Fer un \u00fas adequat i l\u00edcit del lloc<\/p>\n<\/li>\n<li data-start=\"3054\" data-end=\"3117\">\n<p data-start=\"3056\" data-end=\"3117\">No realitzar activitats il\u00b7legals o contr\u00e0ries a la bona fe<\/p>\n<\/li>\n<li data-start=\"3118\" data-end=\"3179\">\n<p data-start=\"3120\" data-end=\"3179\">No causar danys als sistemes del titular o de tercers<\/p>\n<\/li>\n<\/ul>\n<h2 data-start=\"3181\" data-end=\"3221\">4. Propietat intel\u00b7lectual i industrial<\/h2>\n<p data-start=\"3222\" data-end=\"3413\">Tots els continguts del lloc web (textos, imatges, logotips, codi, disseny) s\u00f3n propietat del titular o disposen de llic\u00e8ncia, i queda prohibida la seva reproducci\u00f3 sense autoritzaci\u00f3 expressa.<\/p>\n<h2 data-start=\"3415\" data-end=\"3436\">5. Responsabilitat<\/h2>\n<p data-start=\"3437\" data-end=\"3474\">El titular no es fa responsable de:<\/p>\n<ul data-start=\"3475\" data-end=\"3590\">\n<li data-start=\"3475\" data-end=\"3516\">\n<p data-start=\"3477\" data-end=\"3516\">Errors o omissions en els continguts<\/p>\n<\/li>\n<li data-start=\"3517\" data-end=\"3548\">\n<p data-start=\"3519\" data-end=\"3548\">Interrupcions del servei<\/p>\n<\/li>\n<li data-start=\"3549\" data-end=\"3590\">\n<p data-start=\"3551\" data-end=\"3590\">Danys derivats de l\u2019\u00fas del lloc web<\/p>\n<\/li>\n<\/ul>\n<h2 data-start=\"3592\" data-end=\"3614\">6. Enlla\u00e7os externs<\/h2>\n<p data-start=\"3615\" data-end=\"3744\">Aquest lloc pot contenir enlla\u00e7os a tercers. El titular no es responsabilitza del contingut ni de les pol\u00edtiques d\u2019aquests llocs.<\/p>\n<h2 data-start=\"3746\" data-end=\"3766\">7. Modificacions<\/h2>\n<p data-start=\"3767\" data-end=\"3888\">El titular es reserva el dret de modificar en qualsevol moment el contingut del lloc web i les presents condicions.<\/p>\n<h2 data-start=\"3890\" data-end=\"3917\">8. Legislaci\u00f3 aplicable<\/h2>\n<p data-start=\"3918\" data-end=\"4088\">La relaci\u00f3 entre el titular i l\u2019usuari es regir\u00e0 per la legislaci\u00f3 espanyola. Qualsevol controv\u00e8rsia se sotmetr\u00e0 als jutjats i tribunals del domicili del titular.<\/p>\n\n\t\t<\/div>\n\t<\/div>\n<\/div><\/div><\/div><\/div>","protected":false},"excerpt":{"rendered":"T\u00e9rminos y Condiciones \/ Aviso Legal 1. Informaci\u00f3n general En cumplimiento de la Ley 34\/2002 (LSSI-CE), se informa que este sitio web es propiedad de: Titular: LMA Premier Gesti\u00f3n SLU NIF\/CIF: B67573857 Domicilio: Calle S\u00f3crates, 84 local bis, 08030, Barcelona Email: info@lmapremier.com 2. Objeto El presente sitio web tiene como finalidad ofrecer informaci\u00f3n sobre los [...]","protected":false},"author":1,"featured_media":0,"parent":0,"menu_order":0,"comment_status":"closed","ping_status":"closed","template":"","meta":{"inline_featured_image":false,"footnotes":""},"class_list":["post-15","page","type-page","status-publish","hentry"],"_links":{"self":[{"href":"https:\/\/lmapremier.com\/ca\/wp-json\/wp\/v2\/pages\/15","targetHints":{"allow":["GET"]}}],"collection":[{"href":"https:\/\/lmapremier.com\/ca\/wp-json\/wp\/v2\/pages"}],"about":[{"href":"https:\/\/lmapremier.com\/ca\/wp-json\/wp\/v2\/types\/page"}],"author":[{"embeddable":true,"href":"https:\/\/lmapremier.com\/ca\/wp-json\/wp\/v2\/users\/1"}],"replies":[{"embeddable":true,"href":"https:\/\/lmapremier.com\/ca\/wp-json\/wp\/v2\/comments?post=15"}],"version-history":[{"count":0,"href":"https:\/\/lmapremier.com\/ca\/wp-json\/wp\/v2\/pages\/15\/revisions"}],"wp:attachment":[{"href":"https:\/\/lmapremier.com\/ca\/wp-json\/wp\/v2\/media?parent=15"}],"curies":[{"name":"wp","href":"https:\/\/api.w.org\/{rel}","templated":true}]}}