{"id":13,"date":"2026-01-20T16:24:44","date_gmt":"2026-01-20T15:24:44","guid":{"rendered":"https:\/\/lmapremier.com\/?page_id=13"},"modified":"2026-02-07T17:16:27","modified_gmt":"2026-02-07T16:16:27","slug":"presupuesto","status":"publish","type":"page","link":"https:\/\/lmapremier.com\/ca\/presupuesto\/","title":{"rendered":"Solicitar presupuesto"},"content":{"rendered":"<section class=\"\"><div class=\"container-xxl\"><div class=\"row heading-row\"><div class=\"col-sm-12\"><div class=\"vc_column-inner\"><div class=\"wpb_wrapper\"><div  class=\"vc_custom_heading heading-subtitle\" >Sol\u00b7licita pressupost<\/div><h1  class=\"vc_custom_heading heading-title\" >Explica\u2019ns qu\u00e8 necessites<\/h1><\/div><\/div><\/div><\/div><div class=\"row\"><div class=\"col-sm-12\"><div class=\"vc_column-inner\"><div class=\"wpb_wrapper\">\n<div class=\"wpcf7 no-js\" id=\"wpcf7-f138-o1\" lang=\"es-ES\" dir=\"ltr\" data-wpcf7-id=\"138\">\n<div class=\"screen-reader-response\"><p role=\"status\" aria-live=\"polite\" aria-atomic=\"true\"><\/p> <ul><\/ul><\/div>\n<form action=\"\/ca\/wp-json\/wp\/v2\/pages\/13#wpcf7-f138-o1\" method=\"post\" class=\"wpcf7-form init\" aria-label=\"Formulario de contacto\" novalidate=\"novalidate\" data-status=\"init\" data-trp-original-action=\"\/ca\/wp-json\/wp\/v2\/pages\/13#wpcf7-f138-o1\">\n<fieldset class=\"hidden-fields-container\"><input type=\"hidden\" name=\"_wpcf7\" value=\"138\" \/><input type=\"hidden\" name=\"_wpcf7_version\" value=\"6.1.5\" \/><input type=\"hidden\" name=\"_wpcf7_locale\" value=\"es_ES\" \/><input type=\"hidden\" name=\"_wpcf7_unit_tag\" value=\"wpcf7-f138-o1\" \/><input type=\"hidden\" name=\"_wpcf7_container_post\" value=\"0\" \/><input type=\"hidden\" name=\"_wpcf7_posted_data_hash\" value=\"\" \/><input type=\"hidden\" name=\"_wpcf7_recaptcha_response\" value=\"\" \/>\n<\/fieldset>\n<div class=\"row form-row\">\n\n  <div class=\"col-md-6\">\n    <label for=\"contactName\" class=\"form-label\">Nom de contacte *<\/label>\n    <span class=\"wpcf7-form-control-wrap\" data-name=\"your-name\"><input size=\"40\" maxlength=\"400\" class=\"wpcf7-form-control wpcf7-text wpcf7-validates-as-required form-control\" id=\"contactName\" aria-required=\"true\" aria-invalid=\"false\" placeholder=\"Nom de contacte\" value=\"\" type=\"text\" name=\"your-name\" \/><\/span>\n  <\/div>\n\n  <div class=\"col-md-6\">\n    <label for=\"contactCompany\" class=\"form-label\">Empresa *<\/label>\n    <span class=\"wpcf7-form-control-wrap\" data-name=\"your-company\"><input size=\"40\" maxlength=\"400\" class=\"wpcf7-form-control wpcf7-text wpcf7-validates-as-required form-control\" id=\"contactCompany\" aria-required=\"true\" aria-invalid=\"false\" placeholder=\"Empresa\" value=\"\" type=\"text\" name=\"your-company\" \/><\/span>\n  <\/div>\n\n  <div class=\"col-md-6\">\n    <label for=\"contactEmail\" class=\"form-label\">El teu correu electr\u00f2nic *<\/label>\n    <span class=\"wpcf7-form-control-wrap\" data-name=\"your-email\"><input size=\"40\" maxlength=\"400\" class=\"wpcf7-form-control wpcf7-email wpcf7-validates-as-required wpcf7-text wpcf7-validates-as-email form-control\" id=\"contactEmail\" aria-required=\"true\" aria-invalid=\"false\" placeholder=\"nom@latevaempresa.com\" value=\"\" type=\"email\" name=\"your-email\" \/><\/span>\n  <\/div>\n\n  <div class=\"col-md-6\">\n    <label for=\"contactPhone\" class=\"form-label\">Tel\u00e8fon<\/label>\n    <span class=\"wpcf7-form-control-wrap\" data-name=\"your-phone\"><input size=\"40\" maxlength=\"400\" class=\"wpcf7-form-control wpcf7-tel wpcf7-text wpcf7-validates-as-tel form-control\" aria-invalid=\"false\" placeholder=\"000-000-000\" value=\"\" type=\"tel\" name=\"your-phone\" \/><\/span>\n  <\/div>\n\n  <div class=\"col-md-6\">\n    <label for=\"contactDateBegin\" class=\"form-label\">Data inici reserva *<\/label>\n    <span class=\"wpcf7-form-control-wrap\" data-name=\"date-begin\"><input class=\"wpcf7-form-control wpcf7-date wpcf7-validates-as-required wpcf7-validates-as-date form-control\" id=\"contactDateBegin\" aria-required=\"true\" aria-invalid=\"false\" value=\"\" type=\"date\" name=\"date-begin\" \/><\/span>\n  <\/div>\n\n  <div class=\"col-md-6\">\n    <label for=\"contactDateEnd\" class=\"form-label\">Data final reserva *<\/label>\n    <span class=\"wpcf7-form-control-wrap\" data-name=\"date-end\"><input class=\"wpcf7-form-control wpcf7-date wpcf7-validates-as-required wpcf7-validates-as-date form-control\" id=\"contactDateEnd\" aria-required=\"true\" aria-invalid=\"false\" value=\"\" type=\"date\" name=\"date-end\" \/><\/span>\n  <\/div>\n\n  <div class=\"col-md-12\">\n    <label for=\"contactDescription\" class=\"form-label\">Detalls<\/label>\n    <span class=\"wpcf7-form-control-wrap\" data-name=\"your-message\"><textarea cols=\"40\" rows=\"5\" maxlength=\"2000\" class=\"wpcf7-form-control wpcf7-textarea form-control\" id=\"contactDescription\" aria-invalid=\"false\" placeholder=\"Explica\u2019ns m\u00e9s\u2026\" name=\"your-message\"><\/textarea><\/span>\n  <\/div>\n\n  <div class=\"col-md-12\">\n    * Camps obligatoris\n  <\/div>\n\n  <div class=\"col-md-12\">\n    <span class=\"wpcf7-form-control-wrap\" data-name=\"contact-acceptance\"><span class=\"wpcf7-form-control wpcf7-acceptance optional\"><span class=\"wpcf7-list-item\"><label><input type=\"checkbox\" name=\"contact-acceptance\" value=\"1\" class=\"form-check-input\" aria-invalid=\"false\" \/><span class=\"wpcf7-list-item-label\">Estic d\u2019acord amb la vostra <a href=\"https:\/\/lmapremier.com\/ca\/politica-privacidad\/\">pol\u00edtica de privacitat<\/a>.<\/span><\/label><\/span><\/span><\/span>\n  <\/div>\n\n  <div class=\"col-md-12\">\n    <input class=\"wpcf7-form-control wpcf7-submit has-spinner btn btn-dark\" type=\"submit\" value=\"Enviar\" \/>\n  <\/div>\n\n<\/div><div class=\"wpcf7-response-output\" aria-hidden=\"true\"><\/div>\n<input type=\"hidden\" name=\"trp-form-language\" value=\"ca\"\/><\/form>\n<\/div>\n<\/div><\/div><\/div><\/div><\/div><\/section>","protected":false},"excerpt":{"rendered":"Solicita presupuestoCu\u00e9ntanos qu\u00e9 necesitas Nombre de contacto * Empresa * Tu correo electr\u00f3nico * Tel\u00e9fono Fecha inicio reserva * Fecha final reserva * Detalles * Campos requeridos Estoy de acuerdo con vuestra pol\u00edtica de privacidad.","protected":false},"author":1,"featured_media":0,"parent":0,"menu_order":0,"comment_status":"closed","ping_status":"closed","template":"","meta":{"inline_featured_image":false,"footnotes":""},"class_list":["post-13","page","type-page","status-publish","hentry"],"_links":{"self":[{"href":"https:\/\/lmapremier.com\/ca\/wp-json\/wp\/v2\/pages\/13","targetHints":{"allow":["GET"]}}],"collection":[{"href":"https:\/\/lmapremier.com\/ca\/wp-json\/wp\/v2\/pages"}],"about":[{"href":"https:\/\/lmapremier.com\/ca\/wp-json\/wp\/v2\/types\/page"}],"author":[{"embeddable":true,"href":"https:\/\/lmapremier.com\/ca\/wp-json\/wp\/v2\/users\/1"}],"replies":[{"embeddable":true,"href":"https:\/\/lmapremier.com\/ca\/wp-json\/wp\/v2\/comments?post=13"}],"version-history":[{"count":0,"href":"https:\/\/lmapremier.com\/ca\/wp-json\/wp\/v2\/pages\/13\/revisions"}],"wp:attachment":[{"href":"https:\/\/lmapremier.com\/ca\/wp-json\/wp\/v2\/media?parent=13"}],"curies":[{"name":"wp","href":"https:\/\/api.w.org\/{rel}","templated":true}]}}